{"id":216,"date":"2016-12-30T19:35:23","date_gmt":"2016-12-30T18:35:23","guid":{"rendered":"http:\/\/www.hpih.org\/?page_id=216\/"},"modified":"2016-12-31T05:08:17","modified_gmt":"2016-12-31T04:08:17","slug":"servicios-y-ofertas","status":"publish","type":"page","link":"https:\/\/www.hpih.org\/es\/servicios-y-ofertas\/","title":{"rendered":"Servicios y ofertas"},"content":{"rendered":"<div id=\"cs-content\" class=\"cs-content\"><div id=\"x-section-1\"  class=\"x-section\"  style=\"margin: 0px;padding: 0px 0px 45px; background-color: transparent;\"   ><div  class=\"x-container max width\"  style=\"margin: 0px auto;padding: 0px;\"   ><div  class=\"x-column x-sm x-1-1\" style=\"padding: 0px;\" ><h2  class=\"h-custom-headline h4 accent\" style=\"color: hsl(0, 100%, 50%);\"><span>Nuestros servicios y ofertas<\/span><\/h2><hr  class=\"x-gap\" style=\"margin: 20px 0 0 0;\"><div  class=\"x-accordion\" ><div  class=\"x-accordion-group\"  data-cs-collapse-group><div class=\"x-accordion-heading\"><a class=\"x-accordion-toggle collapsed\" data-cs-collapse-toggle  >Listados de empresas<\/a><\/div><div class=\"x-accordion-body collapse\" data-cs-collapse-content><div class=\"x-accordion-inner\">Propuestas para su empresa para una eficaz entrada en el mercado de Polonia.<\/p>\n<h5><strong>1. Fichero de empresas polacas por sector<\/strong><\/h5>\n<p><strong>Datos b\u00e1sicos disponibles<\/strong><\/p>\n<ul>\n<li>Nombre empresa<\/li>\n<li>Nombre comercial<\/li>\n<li>Direcci\u00f3n<\/li>\n<li>Tel\u00e9fono + Fax<\/li>\n<li>A\u00f1o de constituci\u00f3n<\/li>\n<li>P\u00e1gina Web<\/li>\n<li>NIP<\/li>\n<li>Actividad<\/li>\n<li>Forma jur\u00eddica<\/li>\n<li>Direcci\u00f3n principal o sucursal<\/li>\n<li>Caracter\u00edsticas de la empresa<\/li>\n<li>Persona de contacto, cargo, idioma<\/li>\n<\/ul>\n<h5><strong>2. Identificaci\u00f3n de socios comerciales en Polonia, con presentaci\u00f3n de empresa<\/strong><\/h5>\n<p>Es un listado individualizado de posibles socios comerciales elaborado tras el an\u00e1lisis de la consulta y las necesidades de la empresa cliente.<br \/>\nSeleccionamos, contactamos y verificamos los posibles socios, clientes o proveedores que mejor se adaptan al objetivo preestablecido por la empresa espa\u00f1ola en el mercado seleccionado (importadores, agentes, distribuidores, fabricantes locales, etc.). Finalmente, elaboramos un informe con toda la informaci\u00f3n disponible de cada contacto, as\u00ed como cualquier otro contenido o recomendaci\u00f3n adicional relevante para el cliente.<\/p>\n<h5><strong>3. Dos agendas individuales de reuniones de negocios y apoyo log\u00edstico<\/strong><\/h5>\n<h5><strong>4. Estudios de Mercado<\/strong><\/h5>\n<p>Estamos a su disposici\u00f3n para cualquier consulta o ampliaci\u00f3n de informaci\u00f3n: info(at)hpih.org o al tel. (+34) 91 301 3329<\/p>\n<p>&nbsp;<\/div><\/div><\/div><div  class=\"x-accordion-group\"  data-cs-collapse-group><div class=\"x-accordion-heading\"><a class=\"x-accordion-toggle collapsed\" data-cs-collapse-toggle  >Informaci\u00f3n de mercado<\/a><\/div><div class=\"x-accordion-body collapse\" data-cs-collapse-content><div class=\"x-accordion-inner\">La C\u00e1mara de Comercio Hispano Polaca pretende facilitar el acceso a la documentaci\u00f3n y estudios sobre comercio exterior que tanto las C\u00e1maras como otros organismos e instituciones nacionales e internacionales elaboran y que pueden servir de apoyo a la internacionalizaci\u00f3n de la empresa espa\u00f1ola en Polonia.<\/p>\n<p><a href=\"contacto#formulario\">Cont\u00e1ctenos para m\u00e1s informaci\u00f3n.<\/a><\/p>\n<p>Distintos organismos nacionales e internacionales elaboran y actualizan estudios sobre diferentes sectores del mercado polaco.<\/div><\/div><\/div><div  class=\"x-accordion-group\"  data-cs-collapse-group><div class=\"x-accordion-heading\"><a class=\"x-accordion-toggle collapsed\" data-cs-collapse-toggle  >Agendas individuales<\/a><\/div><div class=\"x-accordion-body collapse\" data-cs-collapse-content><div class=\"x-accordion-inner\"><strong>Socio Premium<\/strong><\/p>\n<p>Oferta exclusiva de cooperaci\u00f3n con la C\u00e1mara de Comercio Hispano Polaca<\/p>\n<p>Esta oferta especial es una garant\u00eda de que durante 12 meses su empresa:<\/p>\n<ul>\n<li><strong> Estar\u00e1 particularmente presente en la vida de C\u00e1mara Polaca de Comercio Hispana <\/strong><\/li>\n<li><strong> tendr\u00e1 muchos privilegios <\/strong><\/li>\n<li><strong> ser\u00e1 la \u00fanica en en su sector entre las empresas con estatus de Miembros Premium <\/strong><\/li>\n<\/ul>\n<p>Es una nueva forma de promoci\u00f3n y presentaci\u00f3n de la empresa y el acceso a muchos servicios sin incurrir en costes adicionales:<\/p>\n<ul>\n<li><strong>Capacidad para presentar la empresa y\/o sus productos <\/strong><\/li>\n<li><strong>Identificaci\u00f3nde socios comerciales en Polonia, con presentaci\u00f3n de empresa<\/strong><\/li>\n<\/ul>\n<p>Es un listado individualizado de posibles socios comerciales elaborado tras el an\u00e1lisis de la consulta y las necesidades de la empresa cliente.<br \/>\nSeleccionamos, contactamos y verificamos los posibles socios, clientes o proveedores que mejor se adaptan al objetivo preestablecido por la empresa en el mercado seleccionado (importadores, agentes, distribuidores, fabricantes locales, etc.). Finalmente, elaboramos un informe con toda la informaci\u00f3n disponible de cada contacto, as\u00ed como cualquier otro contenido o recomendaci\u00f3n adicional relevante para el cliente.<\/p>\n<p><strong>+ dos agendas individuales de reuniones de negocios y apoyo log\u00edstico<\/strong><\/p>\n<ul>\n<li><strong> Posibilidad de promover la empresa como patrocinador <\/strong><\/li>\n<li><strong> Anuncios en las publicaciones de la C\u00e1mara Polaca de Comercio Hispana<\/strong><\/li>\n<\/ul>\n<\/div><\/div><\/div><div  class=\"x-accordion-group\"  data-cs-collapse-group><div class=\"x-accordion-heading\"><a class=\"x-accordion-toggle collapsed\" data-cs-collapse-toggle  >Organizaci\u00f3n de eventos<\/a><\/div><div class=\"x-accordion-body collapse\" data-cs-collapse-content><div class=\"x-accordion-inner\"><strong>Ponemos a su disposici\u00f3n las mejores instalaciones y el personal mejor preparado para este tipo de acontecimientos.<\/strong><\/p>\n<p>Organizamos actos de todo tipo (reuniones, jornadas, seminarios, foros, entrega de premios o galardones, congresos, exposiciones, etc.), disponiendo de nuestras instalaciones y de las instituciones colaboradoras en Polonia y Espana.<\/p>\n<p>La preparaci\u00f3n, dise\u00f1o, organizaci\u00f3n, coordinaci\u00f3n, protocolo, marketing, puesta en marcha y seguimiento del evento se llevan a cabo por un equipo formado por profesionales en la materia.<\/p>\n<p>Nos podemos encargar de:<\/p>\n<ul>\n<li>Invitaciones<\/li>\n<li>Protocolo<\/li>\n<li>Ruedas de Prensa<\/li>\n<li>Campa\u00f1a de Difusi\u00f3n<\/li>\n<li>Traducci\u00f3n<\/li>\n<li>Streaming (distribuci\u00f3n de audio o video por Internet)<\/li>\n<li>Azafatas<\/li>\n<li>Apoyo T\u00e9cnico y Servicio Log\u00edstico<\/li>\n<li>Catering<\/li>\n<\/ul>\n<p>A las empresas adheridas a la Camara se aplicara un 50% de descuento.<\/div><\/div><\/div><\/div><\/div><\/div><\/div><\/div>\n","protected":false},"excerpt":{"rendered":"Nuestros servicios y ofertasListados de empresasPropuestas para su empresa para una eficaz entrada en el mercado de Polonia. 1. Fichero de empresas polacas por sector Datos b\u00e1sicos disponibles Nombre empresa ...","protected":false},"author":4,"featured_media":0,"parent":0,"menu_order":0,"comment_status":"closed","ping_status":"closed","template":"template-layout-content-sidebar.php","meta":[],"_links":{"self":[{"href":"https:\/\/www.hpih.org\/es\/wp-json\/wp\/v2\/pages\/216"}],"collection":[{"href":"https:\/\/www.hpih.org\/es\/wp-json\/wp\/v2\/pages"}],"about":[{"href":"https:\/\/www.hpih.org\/es\/wp-json\/wp\/v2\/types\/page"}],"author":[{"embeddable":true,"href":"https:\/\/www.hpih.org\/es\/wp-json\/wp\/v2\/users\/4"}],"replies":[{"embeddable":true,"href":"https:\/\/www.hpih.org\/es\/wp-json\/wp\/v2\/comments?post=216"}],"version-history":[{"count":11,"href":"https:\/\/www.hpih.org\/es\/wp-json\/wp\/v2\/pages\/216\/revisions"}],"predecessor-version":[{"id":288,"href":"https:\/\/www.hpih.org\/es\/wp-json\/wp\/v2\/pages\/216\/revisions\/288"}],"wp:attachment":[{"href":"https:\/\/www.hpih.org\/es\/wp-json\/wp\/v2\/media?parent=216"}],"curies":[{"name":"wp","href":"https:\/\/api.w.org\/{rel}","templated":true}]}}